{"id":113,"date":"2020-01-09T11:25:14","date_gmt":"2020-01-09T10:25:14","guid":{"rendered":"https:\/\/jubil\u00e4um.internet-sicherheit.de\/?page_id=113"},"modified":"2025-02-28T13:08:34","modified_gmt":"2025-02-28T12:08:34","slug":"verbindliche-anmeldung","status":"publish","type":"page","link":"https:\/\/jubil\u00e4um.internet-sicherheit.de\/?page_id=113","title":{"rendered":"Verbindliche Anmeldung"},"content":{"rendered":"\t\t<div data-elementor-type=\"wp-page\" data-elementor-id=\"113\" class=\"elementor elementor-113\">\n\t\t\t\t\t\t<section class=\"elementor-section elementor-top-section elementor-element elementor-element-28650fb4 elementor-section-boxed elementor-section-height-default elementor-section-height-default\" data-id=\"28650fb4\" data-element_type=\"section\">\n\t\t\t\t\t\t<div class=\"elementor-container elementor-column-gap-default\">\n\t\t\t\t\t<div class=\"elementor-column elementor-col-100 elementor-top-column elementor-element elementor-element-366c7939\" data-id=\"366c7939\" data-element_type=\"column\">\n\t\t\t<div class=\"elementor-widget-wrap elementor-element-populated\">\n\t\t\t\t\t\t<div class=\"elementor-element elementor-element-4b8d9a8 elementor-widget elementor-widget-heading\" data-id=\"4b8d9a8\" data-element_type=\"widget\" data-widget_type=\"heading.default\">\n\t\t\t\t<div class=\"elementor-widget-container\">\n\t\t\t\t\t<h2 class=\"elementor-heading-title elementor-size-default\">Die <span style=\"letter-spacing: 0px\"><strong>Cyber-Sicherheitskonferenz findet am 13.03.2025 statt.<\/strong><\/span><\/h2>\t\t\t\t<\/div>\n\t\t\t\t<\/div>\n\t\t\t\t<div class=\"elementor-element elementor-element-619176b elementor-widget elementor-widget-heading\" data-id=\"619176b\" data-element_type=\"widget\" data-widget_type=\"heading.default\">\n\t\t\t\t<div class=\"elementor-widget-container\">\n\t\t\t\t\t<h2 class=\"elementor-heading-title elementor-size-default\">Anmeldung bis zum 06.03.25, gern so schnell wie m\u00f6glich, damit wir gut planen k\u00f6nnen.<\/h2>\t\t\t\t<\/div>\n\t\t\t\t<\/div>\n\t\t\t\t<section class=\"elementor-section elementor-inner-section elementor-element elementor-element-dd295fc elementor-section-boxed elementor-section-height-default elementor-section-height-default\" data-id=\"dd295fc\" data-element_type=\"section\">\n\t\t\t\t\t\t<div class=\"elementor-container elementor-column-gap-default\">\n\t\t\t\t\t<div class=\"elementor-column elementor-col-50 elementor-inner-column elementor-element elementor-element-4a76ed1\" data-id=\"4a76ed1\" data-element_type=\"column\">\n\t\t\t<div class=\"elementor-widget-wrap elementor-element-populated\">\n\t\t\t\t\t\t<div class=\"elementor-element elementor-element-2624e5d elementor-widget elementor-widget-text-editor\" data-id=\"2624e5d\" data-element_type=\"widget\" data-widget_type=\"text-editor.default\">\n\t\t\t\t<div class=\"elementor-widget-container\">\n\t\t\t\t\t\t\t\t\t<p><span style=\"letter-spacing: 0px;\">Eine <strong>Cyber-Sicherheitskonferenz<\/strong> am <strong>Donnerstag, den 13.03.25<\/strong> widmet sich von 10:00 bis 18:00 Uhr im gro\u00dfen Saal der Westf\u00e4lischen Hochschule (Geb\u00e4ude B) den aktuellen Themen der Cyber-Sicherheit. Weggef\u00e4hrten, Absolventen und Aktive des if(is) beleuchten dabei derzeitige Entwicklungen aus verschiedenen Sichtweisen.<\/span><\/p><p>Ab <strong>18:30 Uhr<\/strong> wird es einen <strong>Festakt<\/strong> mit Ansprachen von Wegbegleitern des if(is), sowie wichtigen Vertretern der Hochschule und der Cyber-Sicherheitsbranche geben.<br \/>Ab <strong>19:10 Uhr<\/strong> beginnt die <strong>Abendliche Festveranstaltung <\/strong><\/p><p>\u00a0mit einem abwechslungsreichen\u00a0<strong>Buffet <\/strong>und<strong> Musik.<\/strong><\/p><p>Hier geht es zum <span style=\"color: #5b7995;\"><a style=\"color: #5b7995;\" href=\"https:\/\/xn--jubilum-9wa.internet-sicherheit.de\/?page_id=93\/\">Programm und Ablauf<\/a>. <\/span><\/p><p>Anmeldung bis zum 06.03.25, gern so schnell wie m\u00f6glich, damit wir gut planen k\u00f6nnen.<\/p><h4>\u00a0<\/h4><p><strong>Aufmerksamkeiten, Pr\u00e4sente und Unterst\u00fctzung zum Geburtstag<\/strong> nehmen wir gern in Form einer <strong>Spende f\u00fcr freie Forschungsprojekte des if(is)<\/strong> entgegen: <a href=\"https:\/\/internet-sicherheit.de\/aktuelles\/spenden\/spenden-per-ueberweisung\/\">https:\/\/internet-sicherheit.de\/aktuelles\/spenden\/spenden-per-ueberweisung\/<\/a><\/p>\t\t\t\t\t\t\t\t<\/div>\n\t\t\t\t<\/div>\n\t\t\t\t<div class=\"elementor-element elementor-element-6cba730 elementor-widget elementor-widget-heading\" data-id=\"6cba730\" data-element_type=\"widget\" data-widget_type=\"heading.default\">\n\t\t\t\t<div class=\"elementor-widget-container\">\n\t\t\t\t\t<h2 class=\"elementor-heading-title elementor-size-small\">Um besser planen zu k\u00f6nnen, freuen wir uns \u00fcber Ihre verbindliche Anmeldung.<\/h2>\t\t\t\t<\/div>\n\t\t\t\t<\/div>\n\t\t\t\t<div class=\"elementor-element elementor-element-613cf02 elementor-widget elementor-widget-spacer\" data-id=\"613cf02\" data-element_type=\"widget\" data-widget_type=\"spacer.default\">\n\t\t\t\t<div class=\"elementor-widget-container\">\n\t\t\t\t\t\t\t<div class=\"elementor-spacer\">\n\t\t\t<div class=\"elementor-spacer-inner\"><\/div>\n\t\t<\/div>\n\t\t\t\t\t\t<\/div>\n\t\t\t\t<\/div>\n\t\t\t\t\t<\/div>\n\t\t<\/div>\n\t\t\t\t<div class=\"elementor-column elementor-col-50 elementor-inner-column elementor-element elementor-element-f4ea48c\" data-id=\"f4ea48c\" data-element_type=\"column\">\n\t\t\t<div class=\"elementor-widget-wrap elementor-element-populated\">\n\t\t\t\t\t\t<div class=\"elementor-element elementor-element-4b29acfa elementor-widget elementor-widget-text-editor\" data-id=\"4b29acfa\" data-element_type=\"widget\" data-widget_type=\"text-editor.default\">\n\t\t\t\t<div class=\"elementor-widget-container\">\n\t\t\t\t\t\t\t\t\t\n<div class=\"wpcf7 no-js\" id=\"wpcf7-f112-o1\" lang=\"en-US\" dir=\"ltr\" data-wpcf7-id=\"112\">\n<div class=\"screen-reader-response\"><p role=\"status\" aria-live=\"polite\" aria-atomic=\"true\"><\/p> <ul><\/ul><\/div>\n<form action=\"\/index.php?rest_route=%2Fwp%2Fv2%2Fpages%2F113#wpcf7-f112-o1\" method=\"post\" class=\"wpcf7-form init\" aria-label=\"Contact form\" novalidate=\"novalidate\" data-status=\"init\">\n<div style=\"display: none;\">\n<input type=\"hidden\" name=\"_wpcf7\" value=\"112\" \/>\n<input type=\"hidden\" name=\"_wpcf7_version\" value=\"6.0.4\" \/>\n<input type=\"hidden\" name=\"_wpcf7_locale\" value=\"en_US\" \/>\n<input type=\"hidden\" name=\"_wpcf7_unit_tag\" value=\"wpcf7-f112-o1\" \/>\n<input type=\"hidden\" name=\"_wpcf7_container_post\" value=\"0\" \/>\n<input type=\"hidden\" name=\"_wpcf7_posted_data_hash\" value=\"\" \/>\n<\/div>\n<h3>Verbindliche Anmeldung zur Veranstaltung\n<\/h3>\n<p><label for=\"anrede\">Anrede*<\/label><br \/>\n<span class=\"wpcf7-form-control-wrap\" data-name=\"anrede\"><select class=\"wpcf7-form-control wpcf7-select wpcf7-validates-as-required\" aria-required=\"true\" aria-invalid=\"false\" name=\"anrede\"><option value=\"Herr\">Herr<\/option><option value=\"Frau\">Frau<\/option><option value=\"Divers\">Divers<\/option><\/select><\/span>\n<\/p>\n<p><label for=\"titel\">Titel (optional)<\/label><br \/>\n<span class=\"wpcf7-form-control-wrap\" data-name=\"titel\"><input size=\"40\" maxlength=\"400\" class=\"wpcf7-form-control wpcf7-text\" aria-invalid=\"false\" placeholder=\"Ihr Titel\" value=\"\" type=\"text\" name=\"titel\" \/><\/span>\n<\/p>\n<p><label for=\"vorname\">Vorname*<\/label><br \/>\n<span class=\"wpcf7-form-control-wrap\" data-name=\"vorname\"><input size=\"40\" maxlength=\"400\" class=\"wpcf7-form-control wpcf7-text wpcf7-validates-as-required\" aria-required=\"true\" aria-invalid=\"false\" placeholder=\"Ihr Vorname\" value=\"\" type=\"text\" name=\"vorname\" \/><\/span>\n<\/p>\n<p><label for=\"nachname\">Nachname*<\/label><br \/>\n<span class=\"wpcf7-form-control-wrap\" data-name=\"nachname\"><input size=\"40\" maxlength=\"400\" class=\"wpcf7-form-control wpcf7-text wpcf7-validates-as-required\" aria-required=\"true\" aria-invalid=\"false\" placeholder=\"Ihr Nachname\" value=\"\" type=\"text\" name=\"nachname\" \/><\/span>\n<\/p>\n<p><label for=\"email\">E-Mail Adresse*<\/label><br \/>\n<span class=\"wpcf7-form-control-wrap\" data-name=\"email\"><input size=\"40\" maxlength=\"400\" class=\"wpcf7-form-control wpcf7-email wpcf7-validates-as-required wpcf7-text wpcf7-validates-as-email\" aria-required=\"true\" aria-invalid=\"false\" placeholder=\"Ihre E-Mail-Adresse\" value=\"\" type=\"email\" name=\"email\" \/><\/span>\n<\/p>\n<p><label for=\"telefon\">Telefonnummer (optional)<\/label><br \/>\n<span class=\"wpcf7-form-control-wrap\" data-name=\"telefon\"><input size=\"40\" maxlength=\"400\" class=\"wpcf7-form-control wpcf7-tel wpcf7-text wpcf7-validates-as-tel\" aria-invalid=\"false\" placeholder=\"Ihre Telefonnummer\" value=\"\" type=\"tel\" name=\"telefon\" \/><\/span>\n<\/p>\n<p><label for=\"message\">Anmerkungen<\/label><br \/>\n<span class=\"wpcf7-form-control-wrap\" data-name=\"message\"><textarea cols=\"100\" rows=\"3\" maxlength=\"2000\" class=\"wpcf7-form-control wpcf7-textarea\" aria-invalid=\"false\" placeholder=\"Ihre Anmerkungen (max. 140 Zeichen)\" name=\"message\"><\/textarea><\/span>\n<\/p>\n<fieldset>\n\t<legend><b>Ich melde mich verbindlich an f\u00fcr:<\/b>\n\t<\/legend>\n\t<p><span class=\"wpcf7-form-control-wrap\" data-name=\"teilnahme-konferenz\"><span class=\"wpcf7-form-control wpcf7-checkbox\"><span class=\"wpcf7-list-item first last\"><input type=\"checkbox\" name=\"teilnahme-konferenz[]\" value=\"Cyber-Sicherheitskonferenz vor Ort (10:00 Uhr)\" \/><span class=\"wpcf7-list-item-label\">Cyber-Sicherheitskonferenz vor Ort (10:00 Uhr)<\/span><\/span><\/span><\/span><br \/>\n<span class=\"wpcf7-form-control-wrap\" data-name=\"teilnahme-konferenz-online\"><span class=\"wpcf7-form-control wpcf7-checkbox\"><span class=\"wpcf7-list-item first last\"><input type=\"checkbox\" name=\"teilnahme-konferenz-online[]\" value=\"Cyber-Sicherheitskonferenz Online (10:00 Uhr)\" \/><span class=\"wpcf7-list-item-label\">Cyber-Sicherheitskonferenz Online (10:00 Uhr)<\/span><\/span><\/span><\/span><br \/>\n<span class=\"wpcf7-form-control-wrap\" data-name=\"teilnahme-festakt\"><span class=\"wpcf7-form-control wpcf7-checkbox\"><span class=\"wpcf7-list-item first last\"><input type=\"checkbox\" name=\"teilnahme-festakt[]\" value=\"Festakt (18:30 Uhr)\" \/><span class=\"wpcf7-list-item-label\">Festakt (18:30 Uhr)<\/span><\/span><\/span><\/span><br \/>\n<span class=\"wpcf7-form-control-wrap\" data-name=\"teilnahme-abend\"><span class=\"wpcf7-form-control wpcf7-checkbox\"><span class=\"wpcf7-list-item first last\"><input type=\"checkbox\" name=\"teilnahme-abend[]\" value=\"Abendliche Festveranstaltung (19:10 Uhr)\" \/><span class=\"wpcf7-list-item-label\">Abendliche Festveranstaltung (19:10 Uhr)<\/span><\/span><\/span><\/span>\n\t<\/p>\n<\/fieldset>\n<input class=\"wpcf7-form-control wpcf7-hidden\" value=\"\" type=\"hidden\" name=\"abmeldung\" \/>\n<fieldset>\n\t<legend><b>Datenschutz &#038; Einwilligung:<\/b>\n\t<\/legend>\n\t<p><label><br \/>\n<span class=\"wpcf7-form-control-wrap\" data-name=\"einwilligung\"><span class=\"wpcf7-form-control wpcf7-checkbox wpcf7-validates-as-required\"><span class=\"wpcf7-list-item first last\"><input type=\"checkbox\" name=\"einwilligung[]\" value=\"Ich willige in die Verarbeitung meiner Daten ein.\" \/><span class=\"wpcf7-list-item-label\">Ich willige in die Verarbeitung meiner Daten ein.<\/span><\/span><\/span><\/span><br \/>\n<a href=\"https:\/\/xn--jubilum-9wa.internet-sicherheit.de\/?page_id=1227\" target=\"_blank\"><br \/>\nWeitere Informationen zur Verarbeitung meiner Daten<br \/>\n<\/a><br \/>\n<\/label>\n\t<\/p>\n\t<p><label><br \/>\n<span class=\"wpcf7-form-control-wrap\" data-name=\"datenschutz\"><span class=\"wpcf7-form-control wpcf7-checkbox wpcf7-validates-as-required\"><span class=\"wpcf7-list-item first last\"><input type=\"checkbox\" name=\"datenschutz[]\" value=\"Ich akzeptiere die Datenschutzerkl\u00e4rung.\" \/><span class=\"wpcf7-list-item-label\">Ich akzeptiere die Datenschutzerkl\u00e4rung.<\/span><\/span><\/span><\/span><br \/>\n<a href=\"https:\/\/xn--jubilum-9wa.internet-sicherheit.de\/?page_id=226&#038;preview=true\" target=\"_blank\"><br \/>\nDatenschutzerkl\u00e4rung einsehen<br \/>\n<\/a><br \/>\n<\/label>\n\t<\/p>\n<\/fieldset>\n<p><input class=\"wpcf7-form-control wpcf7-submit has-spinner\" type=\"submit\" value=\"Verbindlich anmelden\" \/>\n<\/p><div class=\"wpcf7-response-output\" aria-hidden=\"true\"><\/div>\n<\/form>\n<\/div>\n\t\t\t\t\t\t\t\t<\/div>\n\t\t\t\t<\/div>\n\t\t\t\t\t<\/div>\n\t\t<\/div>\n\t\t\t\t\t<\/div>\n\t\t<\/section>\n\t\t\t\t<section class=\"elementor-section elementor-inner-section elementor-element elementor-element-4ed0d72 elementor-section-boxed elementor-section-height-default elementor-section-height-default\" data-id=\"4ed0d72\" data-element_type=\"section\">\n\t\t\t\t\t\t<div class=\"elementor-container elementor-column-gap-default\">\n\t\t\t\t\t<div class=\"elementor-column elementor-col-50 elementor-inner-column elementor-element elementor-element-5617fe0\" data-id=\"5617fe0\" data-element_type=\"column\">\n\t\t\t<div class=\"elementor-widget-wrap elementor-element-populated\">\n\t\t\t\t\t\t\t<\/div>\n\t\t<\/div>\n\t\t\t\t<div class=\"elementor-column elementor-col-50 elementor-inner-column elementor-element elementor-element-1aabac9\" data-id=\"1aabac9\" data-element_type=\"column\">\n\t\t\t<div class=\"elementor-widget-wrap\">\n\t\t\t\t\t\t\t<\/div>\n\t\t<\/div>\n\t\t\t\t\t<\/div>\n\t\t<\/section>\n\t\t\t\t\t<\/div>\n\t\t<\/div>\n\t\t\t\t\t<\/div>\n\t\t<\/section>\n\t\t\t\t<section class=\"elementor-section elementor-top-section elementor-element elementor-element-2be8796 elementor-section-boxed elementor-section-height-default elementor-section-height-default\" data-id=\"2be8796\" data-element_type=\"section\">\n\t\t\t\t\t\t<div class=\"elementor-container elementor-column-gap-default\">\n\t\t\t\t\t<div class=\"elementor-column elementor-col-100 elementor-top-column elementor-element elementor-element-6967ad3\" data-id=\"6967ad3\" data-element_type=\"column\">\n\t\t\t<div class=\"elementor-widget-wrap\">\n\t\t\t\t\t\t\t<\/div>\n\t\t<\/div>\n\t\t\t\t\t<\/div>\n\t\t<\/section>\n\t\t\t\t<\/div>\n\t\t","protected":false},"excerpt":{"rendered":"<p>Die Cyber-Sicherheitskonferenz findet am 13.03.2025 statt. Anmeldung bis zum 06.03.25, gern so schnell wie m\u00f6glich, damit wir gut planen k\u00f6nnen. Eine Cyber-Sicherheitskonferenz am Donnerstag, den 13.03.25 widmet sich von 10:00 bis 18:00 Uhr im gro\u00dfen Saal der Westf\u00e4lischen Hochschule (Geb\u00e4ude B) den aktuellen Themen der Cyber-Sicherheit. Weggef\u00e4hrten, Absolventen und Aktive des if(is) beleuchten dabei derzeitige<a href=\"https:\/\/jubil\u00e4um.internet-sicherheit.de\/?page_id=113\" class=\"readmore\">Read More&#8230;<\/a><\/p>\n","protected":false},"author":1,"featured_media":0,"parent":0,"menu_order":0,"comment_status":"closed","ping_status":"closed","template":"","meta":{"_eb_attr":"","footnotes":""},"class_list":["post-113","page","type-page","status-publish","hentry"],"yoast_head":"<!-- This site is optimized with the Yoast SEO plugin v24.6 - https:\/\/yoast.com\/wordpress\/plugins\/seo\/ -->\n<title>Verbindliche Anmeldung -<\/title>\n<meta name=\"robots\" content=\"index, follow, max-snippet:-1, max-image-preview:large, max-video-preview:-1\" \/>\n<link rel=\"canonical\" href=\"https:\/\/jubil\u00e4um.internet-sicherheit.de\/?page_id=113\" \/>\n<meta property=\"og:locale\" content=\"en_US\" \/>\n<meta property=\"og:type\" content=\"article\" \/>\n<meta property=\"og:title\" content=\"Verbindliche Anmeldung -\" \/>\n<meta property=\"og:description\" content=\"Die Cyber-Sicherheitskonferenz findet am 13.03.2025 statt. Anmeldung bis zum 06.03.25, gern so schnell wie m\u00f6glich, damit wir gut planen k\u00f6nnen. Eine Cyber-Sicherheitskonferenz am Donnerstag, den 13.03.25 widmet sich von 10:00 bis 18:00 Uhr im gro\u00dfen Saal der Westf\u00e4lischen Hochschule (Geb\u00e4ude B) den aktuellen Themen der Cyber-Sicherheit. Weggef\u00e4hrten, Absolventen und Aktive des if(is) beleuchten dabei derzeitigeRead More...\" \/>\n<meta property=\"og:url\" content=\"https:\/\/jubil\u00e4um.internet-sicherheit.de\/?page_id=113\" \/>\n<meta property=\"article:modified_time\" content=\"2025-02-28T12:08:34+00:00\" \/>\n<meta name=\"twitter:card\" content=\"summary_large_image\" \/>\n<meta name=\"twitter:label1\" content=\"Est. reading time\" \/>\n\t<meta name=\"twitter:data1\" content=\"1 minute\" \/>\n<script type=\"application\/ld+json\" class=\"yoast-schema-graph\">{\"@context\":\"https:\/\/schema.org\",\"@graph\":[{\"@type\":\"WebPage\",\"@id\":\"https:\/\/jubil\u00e4um.internet-sicherheit.de\/?page_id=113\",\"url\":\"https:\/\/jubil\u00e4um.internet-sicherheit.de\/?page_id=113\",\"name\":\"Verbindliche Anmeldung -\",\"isPartOf\":{\"@id\":\"https:\/\/jubil\u00e4um.internet-sicherheit.de\/#website\"},\"datePublished\":\"2020-01-09T10:25:14+00:00\",\"dateModified\":\"2025-02-28T12:08:34+00:00\",\"breadcrumb\":{\"@id\":\"https:\/\/jubil\u00e4um.internet-sicherheit.de\/?page_id=113#breadcrumb\"},\"inLanguage\":\"en-US\",\"potentialAction\":[{\"@type\":\"ReadAction\",\"target\":[\"https:\/\/jubil\u00e4um.internet-sicherheit.de\/?page_id=113\"]}]},{\"@type\":\"BreadcrumbList\",\"@id\":\"https:\/\/jubil\u00e4um.internet-sicherheit.de\/?page_id=113#breadcrumb\",\"itemListElement\":[{\"@type\":\"ListItem\",\"position\":1,\"name\":\"Home\",\"item\":\"https:\/\/jubil\u00e4um.internet-sicherheit.de\/\"},{\"@type\":\"ListItem\",\"position\":2,\"name\":\"Verbindliche Anmeldung\"}]},{\"@type\":\"WebSite\",\"@id\":\"https:\/\/jubil\u00e4um.internet-sicherheit.de\/#website\",\"url\":\"https:\/\/jubil\u00e4um.internet-sicherheit.de\/\",\"name\":\"\",\"description\":\"\",\"potentialAction\":[{\"@type\":\"SearchAction\",\"target\":{\"@type\":\"EntryPoint\",\"urlTemplate\":\"https:\/\/jubil\u00e4um.internet-sicherheit.de\/?s={search_term_string}\"},\"query-input\":{\"@type\":\"PropertyValueSpecification\",\"valueRequired\":true,\"valueName\":\"search_term_string\"}}],\"inLanguage\":\"en-US\"}]}<\/script>\n<!-- \/ Yoast SEO plugin. -->","yoast_head_json":{"title":"Verbindliche Anmeldung -","robots":{"index":"index","follow":"follow","max-snippet":"max-snippet:-1","max-image-preview":"max-image-preview:large","max-video-preview":"max-video-preview:-1"},"canonical":"https:\/\/jubil\u00e4um.internet-sicherheit.de\/?page_id=113","og_locale":"en_US","og_type":"article","og_title":"Verbindliche Anmeldung -","og_description":"Die Cyber-Sicherheitskonferenz findet am 13.03.2025 statt. Anmeldung bis zum 06.03.25, gern so schnell wie m\u00f6glich, damit wir gut planen k\u00f6nnen. Eine Cyber-Sicherheitskonferenz am Donnerstag, den 13.03.25 widmet sich von 10:00 bis 18:00 Uhr im gro\u00dfen Saal der Westf\u00e4lischen Hochschule (Geb\u00e4ude B) den aktuellen Themen der Cyber-Sicherheit. Weggef\u00e4hrten, Absolventen und Aktive des if(is) beleuchten dabei derzeitigeRead More...","og_url":"https:\/\/jubil\u00e4um.internet-sicherheit.de\/?page_id=113","article_modified_time":"2025-02-28T12:08:34+00:00","twitter_card":"summary_large_image","twitter_misc":{"Est. reading time":"1 minute"},"schema":{"@context":"https:\/\/schema.org","@graph":[{"@type":"WebPage","@id":"https:\/\/jubil\u00e4um.internet-sicherheit.de\/?page_id=113","url":"https:\/\/jubil\u00e4um.internet-sicherheit.de\/?page_id=113","name":"Verbindliche Anmeldung -","isPartOf":{"@id":"https:\/\/jubil\u00e4um.internet-sicherheit.de\/#website"},"datePublished":"2020-01-09T10:25:14+00:00","dateModified":"2025-02-28T12:08:34+00:00","breadcrumb":{"@id":"https:\/\/jubil\u00e4um.internet-sicherheit.de\/?page_id=113#breadcrumb"},"inLanguage":"en-US","potentialAction":[{"@type":"ReadAction","target":["https:\/\/jubil\u00e4um.internet-sicherheit.de\/?page_id=113"]}]},{"@type":"BreadcrumbList","@id":"https:\/\/jubil\u00e4um.internet-sicherheit.de\/?page_id=113#breadcrumb","itemListElement":[{"@type":"ListItem","position":1,"name":"Home","item":"https:\/\/jubil\u00e4um.internet-sicherheit.de\/"},{"@type":"ListItem","position":2,"name":"Verbindliche Anmeldung"}]},{"@type":"WebSite","@id":"https:\/\/jubil\u00e4um.internet-sicherheit.de\/#website","url":"https:\/\/jubil\u00e4um.internet-sicherheit.de\/","name":"","description":"","potentialAction":[{"@type":"SearchAction","target":{"@type":"EntryPoint","urlTemplate":"https:\/\/jubil\u00e4um.internet-sicherheit.de\/?s={search_term_string}"},"query-input":{"@type":"PropertyValueSpecification","valueRequired":true,"valueName":"search_term_string"}}],"inLanguage":"en-US"}]}},"_links":{"self":[{"href":"https:\/\/jubil\u00e4um.internet-sicherheit.de\/index.php?rest_route=\/wp\/v2\/pages\/113","targetHints":{"allow":["GET"]}}],"collection":[{"href":"https:\/\/jubil\u00e4um.internet-sicherheit.de\/index.php?rest_route=\/wp\/v2\/pages"}],"about":[{"href":"https:\/\/jubil\u00e4um.internet-sicherheit.de\/index.php?rest_route=\/wp\/v2\/types\/page"}],"author":[{"embeddable":true,"href":"https:\/\/jubil\u00e4um.internet-sicherheit.de\/index.php?rest_route=\/wp\/v2\/users\/1"}],"replies":[{"embeddable":true,"href":"https:\/\/jubil\u00e4um.internet-sicherheit.de\/index.php?rest_route=%2Fwp%2Fv2%2Fcomments&post=113"}],"version-history":[{"count":78,"href":"https:\/\/jubil\u00e4um.internet-sicherheit.de\/index.php?rest_route=\/wp\/v2\/pages\/113\/revisions"}],"predecessor-version":[{"id":2314,"href":"https:\/\/jubil\u00e4um.internet-sicherheit.de\/index.php?rest_route=\/wp\/v2\/pages\/113\/revisions\/2314"}],"wp:attachment":[{"href":"https:\/\/jubil\u00e4um.internet-sicherheit.de\/index.php?rest_route=%2Fwp%2Fv2%2Fmedia&parent=113"}],"curies":[{"name":"wp","href":"https:\/\/api.w.org\/{rel}","templated":true}]}}