{"id":132,"date":"2020-01-09T11:39:55","date_gmt":"2020-01-09T10:39:55","guid":{"rendered":"https:\/\/jubil\u00e4um.internet-sicherheit.de\/?page_id=132"},"modified":"2025-02-03T09:50:17","modified_gmt":"2025-02-03T08:50:17","slug":"ansprechpartner","status":"publish","type":"page","link":"https:\/\/jubil\u00e4um.internet-sicherheit.de\/?page_id=132","title":{"rendered":"Ansprechpartner"},"content":{"rendered":"\t\t<div data-elementor-type=\"wp-page\" data-elementor-id=\"132\" class=\"elementor elementor-132\">\n\t\t\t\t\t\t<section class=\"elementor-section elementor-top-section elementor-element elementor-element-90884ed elementor-section-boxed elementor-section-height-default elementor-section-height-default\" data-id=\"90884ed\" data-element_type=\"section\">\n\t\t\t\t\t\t<div class=\"elementor-container elementor-column-gap-default\">\n\t\t\t\t\t<div class=\"elementor-column elementor-col-100 elementor-top-column elementor-element elementor-element-0861a35\" data-id=\"0861a35\" data-element_type=\"column\">\n\t\t\t<div class=\"elementor-widget-wrap elementor-element-populated\">\n\t\t\t\t\t\t<div class=\"elementor-element elementor-element-8d1abe2 elementor-widget elementor-widget-text-editor\" data-id=\"8d1abe2\" data-element_type=\"widget\" data-widget_type=\"text-editor.default\">\n\t\t\t\t<div class=\"elementor-widget-container\">\n\t\t\t\t\t\t\t\t\t<p>Damit wir Ihnen schnellstm\u00f6glich weiterhelfen k\u00f6nnen, wenden Sie sich bitte direkt an den passenden Ansprechpartner.<\/p>\t\t\t\t\t\t\t\t<\/div>\n\t\t\t\t<\/div>\n\t\t\t\t<div class=\"elementor-element elementor-element-d699177 elementor-widget elementor-widget-spacer\" data-id=\"d699177\" data-element_type=\"widget\" data-widget_type=\"spacer.default\">\n\t\t\t\t<div class=\"elementor-widget-container\">\n\t\t\t\t\t\t\t<div class=\"elementor-spacer\">\n\t\t\t<div class=\"elementor-spacer-inner\"><\/div>\n\t\t<\/div>\n\t\t\t\t\t\t<\/div>\n\t\t\t\t<\/div>\n\t\t\t\t\t<\/div>\n\t\t<\/div>\n\t\t\t\t\t<\/div>\n\t\t<\/section>\n\t\t\t\t<section class=\"elementor-section elementor-top-section elementor-element elementor-element-e044cea elementor-section-boxed elementor-section-height-default elementor-section-height-default\" data-id=\"e044cea\" data-element_type=\"section\">\n\t\t\t\t\t\t<div class=\"elementor-container elementor-column-gap-default\">\n\t\t\t\t\t<div class=\"elementor-column elementor-col-100 elementor-top-column elementor-element elementor-element-533aadf\" data-id=\"533aadf\" data-element_type=\"column\">\n\t\t\t<div class=\"elementor-widget-wrap elementor-element-populated\">\n\t\t\t\t\t\t<section class=\"elementor-section elementor-inner-section elementor-element elementor-element-a46d933 elementor-section-boxed elementor-section-height-default elementor-section-height-default\" data-id=\"a46d933\" data-element_type=\"section\">\n\t\t\t\t\t\t<div class=\"elementor-container elementor-column-gap-default\">\n\t\t\t\t\t<div class=\"elementor-column elementor-col-50 elementor-inner-column elementor-element elementor-element-0bc2900\" data-id=\"0bc2900\" data-element_type=\"column\">\n\t\t\t<div class=\"elementor-widget-wrap elementor-element-populated\">\n\t\t\t\t\t\t<div class=\"elementor-element elementor-element-ae2a1d8 elementor-widget elementor-widget-image\" data-id=\"ae2a1d8\" data-element_type=\"widget\" data-widget_type=\"image.default\">\n\t\t\t\t<div class=\"elementor-widget-container\">\n\t\t\t\t\t\t\t\t\t\t\t\t\t\t\t<img fetchpriority=\"high\" decoding=\"async\" width=\"224\" height=\"300\" src=\"https:\/\/jubil\u00e4um.internet-sicherheit.de\/wp-content\/uploads\/2020\/01\/2017-03-07_remmers_silvana-224x300.jpg\" class=\"attachment-medium size-medium wp-image-1197\" alt=\"\" srcset=\"https:\/\/jubil\u00e4um.internet-sicherheit.de\/wp-content\/uploads\/2020\/01\/2017-03-07_remmers_silvana-224x300.jpg 224w, https:\/\/jubil\u00e4um.internet-sicherheit.de\/wp-content\/uploads\/2020\/01\/2017-03-07_remmers_silvana.jpg 280w\" sizes=\"(max-width: 224px) 100vw, 224px\" \/>\t\t\t\t\t\t\t\t\t\t\t\t\t\t\t<\/div>\n\t\t\t\t<\/div>\n\t\t\t\t\t<\/div>\n\t\t<\/div>\n\t\t\t\t<div class=\"elementor-column elementor-col-50 elementor-inner-column elementor-element elementor-element-658ba59\" data-id=\"658ba59\" data-element_type=\"column\">\n\t\t\t<div class=\"elementor-widget-wrap elementor-element-populated\">\n\t\t\t\t\t\t<div class=\"elementor-element elementor-element-af77f67 elementor-widget elementor-widget-heading\" data-id=\"af77f67\" data-element_type=\"widget\" data-widget_type=\"heading.default\">\n\t\t\t\t<div class=\"elementor-widget-container\">\n\t\t\t\t\t<h2 class=\"elementor-heading-title elementor-size-default\">Ansprechpartner: \u00d6ffentlichkeitsarbeit<\/h2>\t\t\t\t<\/div>\n\t\t\t\t<\/div>\n\t\t\t\t<div class=\"elementor-element elementor-element-30b94bf elementor-widget elementor-widget-heading\" data-id=\"30b94bf\" data-element_type=\"widget\" data-widget_type=\"heading.default\">\n\t\t\t\t<div class=\"elementor-widget-container\">\n\t\t\t\t\t<h3 class=\"elementor-heading-title elementor-size-default\">Silvana Remmers, B.Sc.<\/h3>\t\t\t\t<\/div>\n\t\t\t\t<\/div>\n\t\t\t\t<div class=\"elementor-element elementor-element-02e4e42 elementor-align-left elementor-icon-list--layout-traditional elementor-list-item-link-full_width elementor-widget elementor-widget-icon-list\" data-id=\"02e4e42\" data-element_type=\"widget\" data-widget_type=\"icon-list.default\">\n\t\t\t\t<div class=\"elementor-widget-container\">\n\t\t\t\t\t\t\t<ul class=\"elementor-icon-list-items\">\n\t\t\t\t\t\t\t<li class=\"elementor-icon-list-item\">\n\t\t\t\t\t\t\t\t\t\t\t<span class=\"elementor-icon-list-icon\">\n\t\t\t\t\t\t\t<i aria-hidden=\"true\" class=\"fas fa-phone\"><\/i>\t\t\t\t\t\t<\/span>\n\t\t\t\t\t\t\t\t\t\t<span class=\"elementor-icon-list-text\">Telefon-Nr. +49 (0) 209 95 96 877<\/span>\n\t\t\t\t\t\t\t\t\t<\/li>\n\t\t\t\t\t\t\t\t<li class=\"elementor-icon-list-item\">\n\t\t\t\t\t\t\t\t\t\t\t<span class=\"elementor-icon-list-icon\">\n\t\t\t\t\t\t\t<i aria-hidden=\"true\" class=\"far fa-envelope\"><\/i>\t\t\t\t\t\t<\/span>\n\t\t\t\t\t\t\t\t\t\t<span class=\"elementor-icon-list-text\">E-Mail: remmers(at)internet-sicherheit.de<\/span>\n\t\t\t\t\t\t\t\t\t<\/li>\n\t\t\t\t\t\t<\/ul>\n\t\t\t\t\t\t<\/div>\n\t\t\t\t<\/div>\n\t\t\t\t\t<\/div>\n\t\t<\/div>\n\t\t\t\t\t<\/div>\n\t\t<\/section>\n\t\t\t\t<div class=\"elementor-element elementor-element-96b151f elementor-widget elementor-widget-spacer\" data-id=\"96b151f\" data-element_type=\"widget\" data-widget_type=\"spacer.default\">\n\t\t\t\t<div class=\"elementor-widget-container\">\n\t\t\t\t\t\t\t<div class=\"elementor-spacer\">\n\t\t\t<div class=\"elementor-spacer-inner\"><\/div>\n\t\t<\/div>\n\t\t\t\t\t\t<\/div>\n\t\t\t\t<\/div>\n\t\t\t\t\t<\/div>\n\t\t<\/div>\n\t\t\t\t\t<\/div>\n\t\t<\/section>\n\t\t\t\t<section class=\"elementor-section elementor-top-section elementor-element elementor-element-4685f06 elementor-section-boxed elementor-section-height-default elementor-section-height-default\" data-id=\"4685f06\" data-element_type=\"section\">\n\t\t\t\t\t\t<div class=\"elementor-container elementor-column-gap-default\">\n\t\t\t\t\t<div class=\"elementor-column elementor-col-100 elementor-top-column elementor-element elementor-element-f011437\" data-id=\"f011437\" data-element_type=\"column\">\n\t\t\t<div class=\"elementor-widget-wrap elementor-element-populated\">\n\t\t\t\t\t\t<section class=\"elementor-section elementor-inner-section elementor-element elementor-element-9624930 elementor-section-boxed elementor-section-height-default elementor-section-height-default\" data-id=\"9624930\" data-element_type=\"section\">\n\t\t\t\t\t\t<div class=\"elementor-container elementor-column-gap-default\">\n\t\t\t\t\t<div class=\"elementor-column elementor-col-50 elementor-inner-column elementor-element elementor-element-12b65ec\" data-id=\"12b65ec\" data-element_type=\"column\">\n\t\t\t<div class=\"elementor-widget-wrap elementor-element-populated\">\n\t\t\t\t\t\t<div class=\"elementor-element elementor-element-e7dd08c elementor-widget elementor-widget-image\" data-id=\"e7dd08c\" data-element_type=\"widget\" data-widget_type=\"image.default\">\n\t\t\t\t<div class=\"elementor-widget-container\">\n\t\t\t\t\t\t\t\t\t\t\t\t\t\t\t<img decoding=\"async\" width=\"224\" height=\"300\" src=\"https:\/\/jubil\u00e4um.internet-sicherheit.de\/wp-content\/uploads\/2025\/02\/2017-09-15_Hamdi_Ines.jpg\" class=\"attachment-medium size-medium wp-image-1732\" alt=\"\" \/>\t\t\t\t\t\t\t\t\t\t\t\t\t\t\t<\/div>\n\t\t\t\t<\/div>\n\t\t\t\t\t<\/div>\n\t\t<\/div>\n\t\t\t\t<div class=\"elementor-column elementor-col-50 elementor-inner-column elementor-element elementor-element-846cb0e\" data-id=\"846cb0e\" data-element_type=\"column\">\n\t\t\t<div class=\"elementor-widget-wrap elementor-element-populated\">\n\t\t\t\t\t\t<div class=\"elementor-element elementor-element-ba31b3b elementor-widget elementor-widget-heading\" data-id=\"ba31b3b\" data-element_type=\"widget\" data-widget_type=\"heading.default\">\n\t\t\t\t<div class=\"elementor-widget-container\">\n\t\t\t\t\t<h3 class=\"elementor-heading-title elementor-size-default\">Ines Hamdi<\/h3>\t\t\t\t<\/div>\n\t\t\t\t<\/div>\n\t\t\t\t<div class=\"elementor-element elementor-element-2f6e237 elementor-align-left elementor-icon-list--layout-traditional elementor-list-item-link-full_width elementor-widget elementor-widget-icon-list\" data-id=\"2f6e237\" data-element_type=\"widget\" data-widget_type=\"icon-list.default\">\n\t\t\t\t<div class=\"elementor-widget-container\">\n\t\t\t\t\t\t\t<ul class=\"elementor-icon-list-items\">\n\t\t\t\t\t\t\t<li class=\"elementor-icon-list-item\">\n\t\t\t\t\t\t\t\t\t\t\t<span class=\"elementor-icon-list-icon\">\n\t\t\t\t\t\t\t<i aria-hidden=\"true\" class=\"fas fa-phone\"><\/i>\t\t\t\t\t\t<\/span>\n\t\t\t\t\t\t\t\t\t\t<span class=\"elementor-icon-list-text\">Telefon-Nr.  +49 (0) 209 95 96 763<\/span>\n\t\t\t\t\t\t\t\t\t<\/li>\n\t\t\t\t\t\t\t\t<li class=\"elementor-icon-list-item\">\n\t\t\t\t\t\t\t\t\t\t\t<span class=\"elementor-icon-list-icon\">\n\t\t\t\t\t\t\t<i aria-hidden=\"true\" class=\"far fa-envelope\"><\/i>\t\t\t\t\t\t<\/span>\n\t\t\t\t\t\t\t\t\t\t<span class=\"elementor-icon-list-text\">E-Mail: hamdi(at)internet-sicherheit.de<\/span>\n\t\t\t\t\t\t\t\t\t<\/li>\n\t\t\t\t\t\t<\/ul>\n\t\t\t\t\t\t<\/div>\n\t\t\t\t<\/div>\n\t\t\t\t\t<\/div>\n\t\t<\/div>\n\t\t\t\t\t<\/div>\n\t\t<\/section>\n\t\t\t\t<div class=\"elementor-element elementor-element-fbe8eb2 elementor-widget elementor-widget-spacer\" data-id=\"fbe8eb2\" data-element_type=\"widget\" data-widget_type=\"spacer.default\">\n\t\t\t\t<div class=\"elementor-widget-container\">\n\t\t\t\t\t\t\t<div class=\"elementor-spacer\">\n\t\t\t<div class=\"elementor-spacer-inner\"><\/div>\n\t\t<\/div>\n\t\t\t\t\t\t<\/div>\n\t\t\t\t<\/div>\n\t\t\t\t\t<\/div>\n\t\t<\/div>\n\t\t\t\t\t<\/div>\n\t\t<\/section>\n\t\t\t\t<section class=\"elementor-section elementor-top-section elementor-element elementor-element-3d1bcca elementor-section-boxed elementor-section-height-default elementor-section-height-default\" data-id=\"3d1bcca\" data-element_type=\"section\">\n\t\t\t\t\t\t<div class=\"elementor-container elementor-column-gap-default\">\n\t\t\t\t\t<div class=\"elementor-column elementor-col-100 elementor-top-column elementor-element elementor-element-d6b89e9\" data-id=\"d6b89e9\" data-element_type=\"column\">\n\t\t\t<div class=\"elementor-widget-wrap elementor-element-populated\">\n\t\t\t\t\t\t<section class=\"elementor-section elementor-inner-section elementor-element elementor-element-b79f4a9 elementor-section-boxed elementor-section-height-default elementor-section-height-default\" data-id=\"b79f4a9\" data-element_type=\"section\">\n\t\t\t\t\t\t<div class=\"elementor-container elementor-column-gap-default\">\n\t\t\t\t\t<div class=\"elementor-column elementor-col-50 elementor-inner-column elementor-element elementor-element-bcafaa4\" data-id=\"bcafaa4\" data-element_type=\"column\">\n\t\t\t<div class=\"elementor-widget-wrap elementor-element-populated\">\n\t\t\t\t\t\t<div class=\"elementor-element elementor-element-433bcc9 elementor-widget elementor-widget-image\" data-id=\"433bcc9\" data-element_type=\"widget\" data-widget_type=\"image.default\">\n\t\t\t\t<div class=\"elementor-widget-container\">\n\t\t\t\t\t\t\t\t\t\t\t\t\t\t\t<img decoding=\"async\" width=\"224\" height=\"300\" src=\"https:\/\/jubil\u00e4um.internet-sicherheit.de\/wp-content\/uploads\/2020\/01\/pohlmann_neu-224x300.jpeg\" class=\"attachment-medium size-medium wp-image-1211\" alt=\"\" srcset=\"https:\/\/jubil\u00e4um.internet-sicherheit.de\/wp-content\/uploads\/2020\/01\/pohlmann_neu-224x300.jpeg 224w, https:\/\/jubil\u00e4um.internet-sicherheit.de\/wp-content\/uploads\/2020\/01\/pohlmann_neu.jpeg 280w\" sizes=\"(max-width: 224px) 100vw, 224px\" \/>\t\t\t\t\t\t\t\t\t\t\t\t\t\t\t<\/div>\n\t\t\t\t<\/div>\n\t\t\t\t\t<\/div>\n\t\t<\/div>\n\t\t\t\t<div class=\"elementor-column elementor-col-50 elementor-inner-column elementor-element elementor-element-1af195c\" data-id=\"1af195c\" data-element_type=\"column\">\n\t\t\t<div class=\"elementor-widget-wrap elementor-element-populated\">\n\t\t\t\t\t\t<div class=\"elementor-element elementor-element-291970b elementor-widget elementor-widget-heading\" data-id=\"291970b\" data-element_type=\"widget\" data-widget_type=\"heading.default\">\n\t\t\t\t<div class=\"elementor-widget-container\">\n\t\t\t\t\t<h2 class=\"elementor-heading-title elementor-size-default\">Ansprechpartner: Verantwortlicher <\/h2>\t\t\t\t<\/div>\n\t\t\t\t<\/div>\n\t\t\t\t<div class=\"elementor-element elementor-element-69238c6 elementor-widget elementor-widget-heading\" data-id=\"69238c6\" data-element_type=\"widget\" data-widget_type=\"heading.default\">\n\t\t\t\t<div class=\"elementor-widget-container\">\n\t\t\t\t\t<h3 class=\"elementor-heading-title elementor-size-default\">Prof. Dr. Norbert Pohlmann<\/h3>\t\t\t\t<\/div>\n\t\t\t\t<\/div>\n\t\t\t\t<div class=\"elementor-element elementor-element-1a8b814 elementor-align-left elementor-icon-list--layout-traditional elementor-list-item-link-full_width elementor-widget elementor-widget-icon-list\" data-id=\"1a8b814\" data-element_type=\"widget\" data-widget_type=\"icon-list.default\">\n\t\t\t\t<div class=\"elementor-widget-container\">\n\t\t\t\t\t\t\t<ul class=\"elementor-icon-list-items\">\n\t\t\t\t\t\t\t<li class=\"elementor-icon-list-item\">\n\t\t\t\t\t\t\t\t\t\t\t<span class=\"elementor-icon-list-icon\">\n\t\t\t\t\t\t\t<i aria-hidden=\"true\" class=\"fas fa-phone\"><\/i>\t\t\t\t\t\t<\/span>\n\t\t\t\t\t\t\t\t\t\t<span class=\"elementor-icon-list-text\"> Telefon-Nr.: 0209 9596 515<\/span>\n\t\t\t\t\t\t\t\t\t<\/li>\n\t\t\t\t\t\t\t\t<li class=\"elementor-icon-list-item\">\n\t\t\t\t\t\t\t\t\t\t\t<span class=\"elementor-icon-list-icon\">\n\t\t\t\t\t\t\t<i aria-hidden=\"true\" class=\"far fa-envelope\"><\/i>\t\t\t\t\t\t<\/span>\n\t\t\t\t\t\t\t\t\t\t<span class=\"elementor-icon-list-text\"> E-Mail: pohlmann(at)internet-sicherheit.de<\/span>\n\t\t\t\t\t\t\t\t\t<\/li>\n\t\t\t\t\t\t<\/ul>\n\t\t\t\t\t\t<\/div>\n\t\t\t\t<\/div>\n\t\t\t\t\t<\/div>\n\t\t<\/div>\n\t\t\t\t\t<\/div>\n\t\t<\/section>\n\t\t\t\t<div class=\"elementor-element elementor-element-189436e elementor-widget elementor-widget-spacer\" data-id=\"189436e\" data-element_type=\"widget\" data-widget_type=\"spacer.default\">\n\t\t\t\t<div class=\"elementor-widget-container\">\n\t\t\t\t\t\t\t<div class=\"elementor-spacer\">\n\t\t\t<div class=\"elementor-spacer-inner\"><\/div>\n\t\t<\/div>\n\t\t\t\t\t\t<\/div>\n\t\t\t\t<\/div>\n\t\t\t\t\t<\/div>\n\t\t<\/div>\n\t\t\t\t\t<\/div>\n\t\t<\/section>\n\t\t\t\t<section class=\"elementor-section elementor-top-section elementor-element elementor-element-9879343 elementor-section-boxed elementor-section-height-default elementor-section-height-default\" data-id=\"9879343\" data-element_type=\"section\">\n\t\t\t\t\t\t<div class=\"elementor-container elementor-column-gap-default\">\n\t\t\t\t\t<div class=\"elementor-column elementor-col-100 elementor-top-column elementor-element elementor-element-1d8c3bb\" data-id=\"1d8c3bb\" data-element_type=\"column\">\n\t\t\t<div class=\"elementor-widget-wrap\">\n\t\t\t\t\t\t\t<\/div>\n\t\t<\/div>\n\t\t\t\t\t<\/div>\n\t\t<\/section>\n\t\t\t\t<\/div>\n\t\t","protected":false},"excerpt":{"rendered":"<p>Damit wir Ihnen schnellstm\u00f6glich weiterhelfen k\u00f6nnen, wenden Sie sich bitte direkt an den passenden Ansprechpartner. Ansprechpartner: \u00d6ffentlichkeitsarbeit Silvana Remmers, B.Sc. Telefon-Nr. +49 (0) 209 95 96 877 E-Mail: remmers(at)internet-sicherheit.de Ines Hamdi Telefon-Nr. +49 (0) 209 95 96 763 E-Mail: hamdi(at)internet-sicherheit.de Ansprechpartner: Verantwortlicher Prof. Dr. Norbert Pohlmann Telefon-Nr.: 0209 9596 515 E-Mail: pohlmann(at)internet-sicherheit.de<\/p>\n","protected":false},"author":1,"featured_media":0,"parent":0,"menu_order":0,"comment_status":"closed","ping_status":"closed","template":"","meta":{"_eb_attr":"","footnotes":""},"class_list":["post-132","page","type-page","status-publish","hentry"],"yoast_head":"<!-- This site is optimized with the Yoast SEO plugin v24.6 - https:\/\/yoast.com\/wordpress\/plugins\/seo\/ -->\n<title>Ansprechpartner -<\/title>\n<meta name=\"description\" content=\"Damit wir Ihnen schnellstm\u00f6glich weiterhelfen k\u00f6nnen, wenden Sie sich bitte direkt an den passenden Ansprechpartner.\" \/>\n<meta name=\"robots\" content=\"index, follow, max-snippet:-1, max-image-preview:large, max-video-preview:-1\" \/>\n<link rel=\"canonical\" href=\"https:\/\/jubil\u00e4um.internet-sicherheit.de\/?page_id=132\" \/>\n<meta property=\"og:locale\" content=\"en_US\" \/>\n<meta property=\"og:type\" content=\"article\" \/>\n<meta property=\"og:title\" content=\"Ansprechpartner -\" \/>\n<meta property=\"og:description\" content=\"Damit wir Ihnen schnellstm\u00f6glich weiterhelfen k\u00f6nnen, wenden Sie sich bitte direkt an den passenden Ansprechpartner.\" \/>\n<meta property=\"og:url\" content=\"https:\/\/jubil\u00e4um.internet-sicherheit.de\/?page_id=132\" \/>\n<meta property=\"article:modified_time\" content=\"2025-02-03T08:50:17+00:00\" \/>\n<meta name=\"twitter:card\" content=\"summary_large_image\" \/>\n<meta name=\"twitter:label1\" content=\"Est. reading time\" \/>\n\t<meta name=\"twitter:data1\" content=\"1 minute\" \/>\n<script type=\"application\/ld+json\" class=\"yoast-schema-graph\">{\"@context\":\"https:\/\/schema.org\",\"@graph\":[{\"@type\":\"WebPage\",\"@id\":\"https:\/\/jubil\u00e4um.internet-sicherheit.de\/?page_id=132\",\"url\":\"https:\/\/jubil\u00e4um.internet-sicherheit.de\/?page_id=132\",\"name\":\"Ansprechpartner -\",\"isPartOf\":{\"@id\":\"https:\/\/jubil\u00e4um.internet-sicherheit.de\/#website\"},\"datePublished\":\"2020-01-09T10:39:55+00:00\",\"dateModified\":\"2025-02-03T08:50:17+00:00\",\"description\":\"Damit wir Ihnen schnellstm\u00f6glich weiterhelfen k\u00f6nnen, wenden Sie sich bitte direkt an den passenden Ansprechpartner.\",\"breadcrumb\":{\"@id\":\"https:\/\/jubil\u00e4um.internet-sicherheit.de\/?page_id=132#breadcrumb\"},\"inLanguage\":\"en-US\",\"potentialAction\":[{\"@type\":\"ReadAction\",\"target\":[\"https:\/\/jubil\u00e4um.internet-sicherheit.de\/?page_id=132\"]}]},{\"@type\":\"BreadcrumbList\",\"@id\":\"https:\/\/jubil\u00e4um.internet-sicherheit.de\/?page_id=132#breadcrumb\",\"itemListElement\":[{\"@type\":\"ListItem\",\"position\":1,\"name\":\"Home\",\"item\":\"https:\/\/jubil\u00e4um.internet-sicherheit.de\/\"},{\"@type\":\"ListItem\",\"position\":2,\"name\":\"Ansprechpartner\"}]},{\"@type\":\"WebSite\",\"@id\":\"https:\/\/jubil\u00e4um.internet-sicherheit.de\/#website\",\"url\":\"https:\/\/jubil\u00e4um.internet-sicherheit.de\/\",\"name\":\"\",\"description\":\"\",\"potentialAction\":[{\"@type\":\"SearchAction\",\"target\":{\"@type\":\"EntryPoint\",\"urlTemplate\":\"https:\/\/jubil\u00e4um.internet-sicherheit.de\/?s={search_term_string}\"},\"query-input\":{\"@type\":\"PropertyValueSpecification\",\"valueRequired\":true,\"valueName\":\"search_term_string\"}}],\"inLanguage\":\"en-US\"}]}<\/script>\n<!-- \/ Yoast SEO plugin. -->","yoast_head_json":{"title":"Ansprechpartner -","description":"Damit wir Ihnen schnellstm\u00f6glich weiterhelfen k\u00f6nnen, wenden Sie sich bitte direkt an den passenden Ansprechpartner.","robots":{"index":"index","follow":"follow","max-snippet":"max-snippet:-1","max-image-preview":"max-image-preview:large","max-video-preview":"max-video-preview:-1"},"canonical":"https:\/\/jubil\u00e4um.internet-sicherheit.de\/?page_id=132","og_locale":"en_US","og_type":"article","og_title":"Ansprechpartner -","og_description":"Damit wir Ihnen schnellstm\u00f6glich weiterhelfen k\u00f6nnen, wenden Sie sich bitte direkt an den passenden Ansprechpartner.","og_url":"https:\/\/jubil\u00e4um.internet-sicherheit.de\/?page_id=132","article_modified_time":"2025-02-03T08:50:17+00:00","twitter_card":"summary_large_image","twitter_misc":{"Est. reading time":"1 minute"},"schema":{"@context":"https:\/\/schema.org","@graph":[{"@type":"WebPage","@id":"https:\/\/jubil\u00e4um.internet-sicherheit.de\/?page_id=132","url":"https:\/\/jubil\u00e4um.internet-sicherheit.de\/?page_id=132","name":"Ansprechpartner -","isPartOf":{"@id":"https:\/\/jubil\u00e4um.internet-sicherheit.de\/#website"},"datePublished":"2020-01-09T10:39:55+00:00","dateModified":"2025-02-03T08:50:17+00:00","description":"Damit wir Ihnen schnellstm\u00f6glich weiterhelfen k\u00f6nnen, wenden Sie sich bitte direkt an den passenden Ansprechpartner.","breadcrumb":{"@id":"https:\/\/jubil\u00e4um.internet-sicherheit.de\/?page_id=132#breadcrumb"},"inLanguage":"en-US","potentialAction":[{"@type":"ReadAction","target":["https:\/\/jubil\u00e4um.internet-sicherheit.de\/?page_id=132"]}]},{"@type":"BreadcrumbList","@id":"https:\/\/jubil\u00e4um.internet-sicherheit.de\/?page_id=132#breadcrumb","itemListElement":[{"@type":"ListItem","position":1,"name":"Home","item":"https:\/\/jubil\u00e4um.internet-sicherheit.de\/"},{"@type":"ListItem","position":2,"name":"Ansprechpartner"}]},{"@type":"WebSite","@id":"https:\/\/jubil\u00e4um.internet-sicherheit.de\/#website","url":"https:\/\/jubil\u00e4um.internet-sicherheit.de\/","name":"","description":"","potentialAction":[{"@type":"SearchAction","target":{"@type":"EntryPoint","urlTemplate":"https:\/\/jubil\u00e4um.internet-sicherheit.de\/?s={search_term_string}"},"query-input":{"@type":"PropertyValueSpecification","valueRequired":true,"valueName":"search_term_string"}}],"inLanguage":"en-US"}]}},"_links":{"self":[{"href":"https:\/\/jubil\u00e4um.internet-sicherheit.de\/index.php?rest_route=\/wp\/v2\/pages\/132","targetHints":{"allow":["GET"]}}],"collection":[{"href":"https:\/\/jubil\u00e4um.internet-sicherheit.de\/index.php?rest_route=\/wp\/v2\/pages"}],"about":[{"href":"https:\/\/jubil\u00e4um.internet-sicherheit.de\/index.php?rest_route=\/wp\/v2\/types\/page"}],"author":[{"embeddable":true,"href":"https:\/\/jubil\u00e4um.internet-sicherheit.de\/index.php?rest_route=\/wp\/v2\/users\/1"}],"replies":[{"embeddable":true,"href":"https:\/\/jubil\u00e4um.internet-sicherheit.de\/index.php?rest_route=%2Fwp%2Fv2%2Fcomments&post=132"}],"version-history":[{"count":26,"href":"https:\/\/jubil\u00e4um.internet-sicherheit.de\/index.php?rest_route=\/wp\/v2\/pages\/132\/revisions"}],"predecessor-version":[{"id":1735,"href":"https:\/\/jubil\u00e4um.internet-sicherheit.de\/index.php?rest_route=\/wp\/v2\/pages\/132\/revisions\/1735"}],"wp:attachment":[{"href":"https:\/\/jubil\u00e4um.internet-sicherheit.de\/index.php?rest_route=%2Fwp%2Fv2%2Fmedia&parent=132"}],"curies":[{"name":"wp","href":"https:\/\/api.w.org\/{rel}","templated":true}]}}