{"id":226,"date":"2020-01-13T12:27:35","date_gmt":"2020-01-13T11:27:35","guid":{"rendered":"https:\/\/jubil\u00e4um.internet-sicherheit.de\/?page_id=226"},"modified":"2025-02-18T08:21:53","modified_gmt":"2025-02-18T07:21:53","slug":"datenschutz","status":"publish","type":"page","link":"https:\/\/jubil\u00e4um.internet-sicherheit.de\/?page_id=226","title":{"rendered":"Datenschutzerkl\u00e4rung"},"content":{"rendered":"\t\t<div data-elementor-type=\"wp-page\" data-elementor-id=\"226\" class=\"elementor elementor-226\">\n\t\t\t\t\t\t<section class=\"elementor-section elementor-top-section elementor-element elementor-element-4b472552 elementor-section-boxed elementor-section-height-default elementor-section-height-default\" data-id=\"4b472552\" data-element_type=\"section\">\n\t\t\t\t\t\t<div class=\"elementor-container elementor-column-gap-default\">\n\t\t\t\t\t<div class=\"elementor-column elementor-col-100 elementor-top-column elementor-element elementor-element-2c4c2d88\" data-id=\"2c4c2d88\" data-element_type=\"column\">\n\t\t\t<div class=\"elementor-widget-wrap elementor-element-populated\">\n\t\t\t\t\t\t<div class=\"elementor-element elementor-element-6c4f1ae elementor-widget elementor-widget-text-editor\" data-id=\"6c4f1ae\" data-element_type=\"widget\" data-widget_type=\"text-editor.default\">\n\t\t\t\t<div class=\"elementor-widget-container\">\n\t\t\t\t\t\t\t\t\t<p><strong>Informationen gem\u00e4\u00df Artikel 13 Absatz 1 und Absatz 2 DSGVO aufgrund der Erhebung von personenbezogenen Daten<\/strong><\/p>\n<p>Im Zusammenhang mit der verbindlichen Anmeldung zur Veranstaltung am <strong>13.03.25<\/strong> (Cyber-Sicherheitskonferenz, Festakt und\/oder abendlichen Festveranstaltung) werden bei Ihnen personenbezogenen Daten erhoben. Bitte beachten Sie hierzu nachstehende Datenschutzhinweise:<\/p>\n<p><strong>Angaben zum Verantwortlichen<\/strong><\/p>\n<p>Verantwortlich f\u00fcr die Datenerhebung ist:<\/p>\n<p>Prof. Dr. Norbert Pohlmann<br>Institut f\u00fcr Internet-Sicherheit<br>Neidenburger Stra\u00dfe, 43<br>45897, Gelsenkirchen<br>0209 9596 515<br>pohlmann(at)internet-sicherheit.de<\/p>\n<p><strong>Angaben zum Datenschutzbeauftragten<\/strong><\/p>\n<p>Kristina Homscheid<br>Neidenburger Stra\u00dfe, 43<br>45897, Gelsenkirchen<br>0209 9596 410<br>kristina.homscheid@w-hs.de<\/p>\n<p><strong>Angaben zu der Aufsichtsbeh\u00f6rde<\/strong><\/p>\n<p>Zust\u00e4ndige Aufsichtsbeh\u00f6rde f\u00fcr den Datenschutz ist die Landesbeauftragte f\u00fcr Datenschutz und Informationsfreiheit Nordrhein-Westfalen:<\/p>\n<p>Stra\u00dfe: Kavalleriestr. 2-4<br>Postleitzahl: 40213 D\u00fcsseldorf<br>Telefon: 0211\/38424-0<br>Telefax: 0211\/38424-10<br>Email: poststelle@ldi.nrw.de<br>Internet: www.ldi.nrw.de<\/p>\n<p><strong>Zweck\/e und Rechtsgrundlage\/n der Verarbeitung<\/strong><\/p>\n<p>Wir verarbeiten personenbezogene Daten unserer Nutzer grunds\u00e4tzlich nur, soweit dies zur Bereitstellung einer funktionsf\u00e4higen Website sowie unserer Inhalte und Leistungen erforderlich ist. Die Verarbeitung personenbezogener Daten unserer Nutzer erfolgt regelm\u00e4\u00dfig nur nach Einwilligung des Nutzers. Eine Ausnahme gilt in solchen F\u00e4llen, in denen eine vorherige Einholung einer Einwilligung aus tats\u00e4chlichen Gr\u00fcnden nicht m\u00f6glich ist und die Verarbeitung der Daten durch gesetzliche Vorschriften gestattet ist.<\/p>\n<p>a) Auf unserer Internetseite bieten wir Nutzern die M\u00f6glichkeit, sich unter Angabe personenbezogener Daten zu einer Veranstaltung anzumelden. Die Daten werden dabei in eine Eingabemaske eingegeben und an uns \u00fcbermittelt und gespeichert. Eine Anmeldung des Nutzers ist f\u00fcr die Teilnahme an der Veranstaltung erforderlich.<\/p>\n<p>Folgende Daten werden im Rahmen des Anmeldeprozesses erhoben:<\/p>\n<ul>\n<li>Anrede<\/li>\n<li>Vorname<\/li>\n<li>Nachname<\/li>\n<li>E-Mail-Adresse<\/li>\n<\/ul>\n<p>Im Rahmen des Anmeldeprozesses wird eine Einwilligung des Nutzers zur Verarbeitung dieser Daten eingeholt.<\/p>\n<p>b) Rechtsgrundlage f\u00fcr die Verarbeitung der Daten ist bei Vorliegen einer Einwilligung des Nutzers Art. 6 Abs. 1 lit. a DSGVO<\/p>\n<p><strong>Dauer der Speicherung<\/strong><\/p>\n<p>Die personenbezogenen Daten der betroffenen Person werden gel\u00f6scht oder gesperrt, sobald der Zweck der Speicherung entf\u00e4llt, respektive f\u00fcr die Erreichung des Zweckes Ihrer Erhebung nicht mehr erforderlich sind.<\/p>\n<p>Eine Speicherung kann dar\u00fcber hinaus erfolgen, wenn dies durch den europ\u00e4ischen oder nationalen Gesetzgeber in unionsrechtlichen Verordnungen, Gesetzen oder sonstigen Vorschriften, denen der Verantwortliche unterliegt, vorgesehen wurde. Eine Sperrung oder L\u00f6schung der Daten erfolgt auch dann, wenn eine durch die genannten Normen vorgeschriebene Speicherfrist abl\u00e4uft, es sei denn, dass eine Erforderlichkeit zur weiteren Speicherung der Daten f\u00fcr einen Vertragsabschluss oder eine Vertragserf\u00fcllung besteht.<\/p>\n<p><strong>Rechte der Betroffenen<\/strong><\/p>\n<p>Nach den anwendbaren Gesetzen haben Sie verschiedene Rechte bez\u00fcglich ihrer personenbezogenen Daten. M\u00f6chten Sie diese Rechte geltend machen, so richten Sie Ihre Anfrage bitte per E-Mail oder per Post unter eindeutiger Identifizierung Ihrer Person an jubil\u00e4um@internet-sicherheit.de.<\/p>\n<p>Nachfolgend finden Sie eine \u00dcbersicht \u00fcber Ihre Rechte.<\/p>\n<p>a) Recht auf Best\u00e4tigung und Auskunft<\/p>\n<p>Sie haben jederzeit das Recht, von uns eine Best\u00e4tigung dar\u00fcber zu erhalten, ob Sie betreffende personenbezogene Daten verarbeitet werden. Ist dies der Fall, so haben Sie das Recht, von uns eine unentgeltliche Auskunft \u00fcber die zu Ihnen gespeicherten personenbezogenen Daten nebst einer Kopie dieser Daten zu erlangen.<\/p>\n<p>Des Weiteren besteht ein Recht auf folgende Informationen:<\/p>\n<ul>\n<li>die Verarbeitungszwecke;<\/li>\n<li>die Kategorien personenbezogener Daten, die verarbeitet werden;<\/li>\n<li>die Empf\u00e4nger oder Kategorien von Empf\u00e4ngern, gegen\u00fcber denen die personenbezogenen Daten offengelegt worden sind oder noch offengelegt werden, insbesondere bei Empf\u00e4ngern in Drittl\u00e4ndern oder bei internationalen Organisationen;<\/li>\n<li>falls m\u00f6glich die geplante Dauer, f\u00fcr die die personenbezogenen Daten gespeichert werden, oder, falls dies nicht m\u00f6glich ist, die Kriterien f\u00fcr die Festlegung dieser Dauer;<\/li>\n<li>das Bestehen eines Rechts auf Berichtigung oder L\u00f6schung der Sie betreffenden personenbezogenen Daten oder auf Einschr\u00e4nkung der Verarbeitung durch den Verantwortlichen oder eines Widerspruchsrechts gegen diese Verarbeitung;<\/li>\n<li>das Bestehen eines Beschwerderechts bei der zust\u00e4ndigen Aufsichtsbeh\u00f6rde;<\/li>\n<li>wenn die personenbezogenen Daten nicht bei Ihnen erhoben werden, alle verf\u00fcgbaren Informationen \u00fcber die Herkunft der Daten;<\/li>\n<li>das Bestehen einer automatisierten Entscheidungsfindung einschlie\u00dflich Profiling gem\u00e4\u00df Artikel 22 Abs\u00e4tze 1 und 4 DSGVO und \u2013 zumindest in diesen F\u00e4llen \u2013 aussagekr\u00e4ftige Informationen \u00fcber die involvierte Logik sowie die Tragweite und die angestrebten Auswirkungen einer derartigen Verarbeitung f\u00fcr Sie. Werden personenbezogene Daten an ein Drittland oder an eine internationale Organisation \u00fcbermittelt, so haben Sie das Recht, \u00fcber die geeigneten Garantien gem\u00e4\u00df Artikel 46 DSGVO im Zusammenhang mit der \u00dcbermittlung unterrichtet zu werden.<\/li>\n<\/ul>\n<p>b) Recht auf Berichtigung<\/p>\n<p>Sie haben das Recht, von uns unverz\u00fcglich die Berichtigung Sie betreffender unrichtiger personenbezogener Daten zu verlangen. Unter Ber\u00fccksichtigung der Zwecke der haben Sie das Recht, die Vervollst\u00e4ndigung unvollst\u00e4ndiger personenbezogener Daten \u2013 auch mittels einer erg\u00e4nzenden Erkl\u00e4rung \u2013 zu verlangen.<\/p>\n<p>c) Recht auf L\u00f6schung (\u201eRecht auf Vergessenwerden\u201c)<\/p>\n<p>Sie haben das Recht, von uns zu verlangen, dass Sie betreffende personenbezogene Daten unverz\u00fcglich gel\u00f6scht werden, und wir sind verpflichtet, personenbezogene Daten unverz\u00fcglich zu l\u00f6schen, sofern einer der folgenden Gr\u00fcnde zutrifft:<\/p>\n<ul>\n<li>Die personenbezogenen Daten sind f\u00fcr die Zwecke, f\u00fcr die sie erhoben oder auf sonstige Weise verarbeitet wurden, nicht mehr notwendig.<\/li>\n<li>Sie widerrufen Ihre Einwilligung, auf die sich die Verarbeitung gem\u00e4\u00df Artikel 6 Absatz 1 DSGVO Buchstabe a oder Artikel 9 Absatz 2 Buchstabe a DSGVO st\u00fctzte, und es fehlt an einer anderweitigen Rechtsgrundlage f\u00fcr die Verarbeitung.<\/li>\n<li>Sie legen gem\u00e4\u00df Artikel 21 Absatz 1 DSGVO Widerspruch gegen die Verarbeitung ein und es liegen keine vorrangigen berechtigten Gr\u00fcnde f\u00fcr die Verarbeitung vor, oder Sie legen gem\u00e4\u00df Artikel 21 Absatz 2 DSGVO Widerspruch gegen die Verarbeitung ein.<\/li>\n<li>Die personenbezogenen Daten wurden unrechtm\u00e4\u00dfig verarbeitet.<\/li>\n<li>Die L\u00f6schung der personenbezogenen Daten ist zur Erf\u00fcllung einer rechtlichen Verpflichtung nach dem Unionsrecht oder dem Recht der Mitgliedstaaten erforderlich, dem wir unterliegen.<\/li>\n<li>Die personenbezogenen Daten wurden in Bezug auf angebotene Dienste der Informationsgesellschaft gem\u00e4\u00df Artikel 8 Absatz 1 DSGVO erhoben. Haben wir die personenbezogenen Daten \u00f6ffentlich gemacht und sind wir gem\u00e4\u00df zu deren L\u00f6schung verpflichtet, so treffen wir unter Ber\u00fccksichtigung der verf\u00fcgbaren Technologie und der Implementierungskosten angemessene Ma\u00dfnahmen, auch technischer Art, um f\u00fcr die Datenverarbeitung Verantwortliche, die die personenbezogenen Daten verarbeiten, dar\u00fcber zu informieren, dass Sie von ihnen die L\u00f6schung aller Links zu diesen personenbezogenen Daten oder von Kopien oder Replikationen dieser personenbezogenen Daten verlangt hat.<\/li>\n<\/ul>\n<p>d) Recht auf Einschr\u00e4nkung der Verarbeitung<\/p>\n<p>Sie haben das Recht, von uns die Einschr\u00e4nkung der Verarbeitung zu verlangen, wenn eine der folgenden Voraussetzungen gegeben ist:<\/p>\n<ul>\n<li>die Richtigkeit der personenbezogenen Daten wird von Ihnen bestritten, und zwar f\u00fcr eine Dauer, die es uns erm\u00f6glicht, die Richtigkeit der personenbezogenen Daten zu \u00fcberpr\u00fcfen,<\/li>\n<li>die Verarbeitung unrechtm\u00e4\u00dfig ist und Sie die L\u00f6schung der personenbezogenen Daten ablehnten und stattdessen die Einschr\u00e4nkung der Nutzung der personenbezogenen Daten verlangt;<\/li>\n<li>wir die personenbezogenen Daten f\u00fcr die Zwecke der Verarbeitung nicht l\u00e4nger ben\u00f6tigen, Sie die Daten jedoch zur Geltendmachung, Aus\u00fcbung oder Verteidigung von Rechtsanspr\u00fcchen ben\u00f6tigten, oder<\/li>\n<li>Sie Widerspruch gegen die Verarbeitung gem\u00e4\u00df Artikel 21 Absatz 1 DSGVO eingelegt haben, solange noch nicht feststeht, ob die berechtigten Gr\u00fcnde der Hochschule gegen\u00fcber den Ihren \u00fcberwiegen.<\/li>\n<\/ul>\n<p>e) Recht auf Daten\u00fcbertragbarkeit<\/p>\n<p>Sie haben das Recht, die Sie betreffenden personenbezogenen Daten, die uns bereitgestellt haben, in einem strukturierten, g\u00e4ngigen und maschinenlesbaren Format zu erhalten, und Sie haben das Recht, diese Daten einem anderen Verantwortlichen ohne Behinderung durch uns zu \u00fcbermitteln, sofern<\/p>\n<ul>\n<li>die Verarbeitung auf einer Einwilligung gem\u00e4\u00df Artikel 6 Absatz 1 Buchstabe a DSGVO oder Artikel 9 Absatz 2 Buchstabe a DSGVO oder auf einem Vertrag gem\u00e4\u00df Artikel 6 Absatz 1 Buchstabe b DSGVO beruht und<\/li>\n<li>die Verarbeitung mithilfe automatisierter Verfahren erfolgt. Bei der Aus\u00fcbung ihres Rechts auf Daten\u00fcbertragbarkeit gem\u00e4\u00df Absatz 1 haben Sie das Recht, zu erwirken, dass die personenbezogenen Daten direkt von uns einem anderen Verantwortlichen \u00fcbermittelt werden, soweit dies technisch machbar ist.<\/li>\n<\/ul>\n<p>f) Widerspruchsrecht<\/p>\n<p>Sie haben das Recht, aus Gr\u00fcnden, die sich aus Ihrer besonderen Situation ergeben, jederzeit gegen die Verarbeitung sie betreffender personenbezogener Daten, die aufgrund von Artikel 6 Absatz 1 Buchstaben e oder f DSGVO erfolgt, Widerspruch einzulegen; dies gilt auch f\u00fcr ein auf diese Bestimmungen gest\u00fctztes Profiling. Wir verarbeiten die personenbezogenen Daten nicht mehr, es sei denn, wir k\u00f6nnen zwingende schutzw\u00fcrdige Gr\u00fcnde f\u00fcr die Verarbeitung nachweisen, die Ihre Interessen, Rechte und Freiheiten \u00fcberwiegen, oder die Verarbeitung dient der Geltendmachung, Aus\u00fcbung oder Verteidigung von Rechtsanspr\u00fcchen. Werden personenbezogene Daten von uns verarbeitet, um Direktwerbung zu betreiben, so haben Sie das Recht, jederzeit Widerspruch gegen die Verarbeitung Sie betreffender personenbezogener Daten zum Zwecke derartiger Werbung einzulegen; dies gilt auch f\u00fcr das Profiling, soweit es mit solcher Direktwerbung in Verbindung steht. Sie haben das Recht, aus Gr\u00fcnden, die sich aus Ihrer besonderen Situation ergeben, gegen die Sie betreffende Verarbeitung sie betreffender personenbezogener Daten, die zu wissenschaftlichen oder historischen Forschungszwecken oder zu statistischen Zwecken gem\u00e4\u00df Artikel 89 Absatz 1 DSGVO erfolgt, Widerspruch einzulegen, es sei denn, die Verarbeitung ist zur Erf\u00fcllung einer im \u00f6ffentlichen Interesse liegenden Aufgabe erforderlich.<\/p>\n<p><strong>Widerrufsrecht bei Einwilligung<\/strong><\/p>\n<p>Sie haben in die Verarbeitung Ihrer personenbezogenen Daten durch das Institut f\u00fcr Internet-Sicherheit durch eine entsprechende Erkl\u00e4rung eingewilligt. Sie k\u00f6nnen Ihre Einwilligung jederzeit f\u00fcr die Zukunft widerrufen. Die Rechtm\u00e4\u00dfigkeit der aufgrund der Einwilligung bis zum Widerruf erfolgten Datenverarbeitung wird dadurch nicht ber\u00fchrt.<\/p>\n<p><strong>Beschwerderecht bei der Aufsichtsbeh\u00f6rde<\/strong><\/p>\n<p>Sie haben das Recht, bei der Landesbeauftragten f\u00fcr Datenschutz und Informationsfreiheit Beschwerde einzulegen. Die Kontaktdaten finden Sie auf dieser Seite unter &#8220;Angaben zu der Aufsichtsbeh\u00f6rde&#8221;.<\/p>\t\t\t\t\t\t\t\t<\/div>\n\t\t\t\t<\/div>\n\t\t\t\t\t<\/div>\n\t\t<\/div>\n\t\t\t\t\t<\/div>\n\t\t<\/section>\n\t\t\t\t<\/div>\n\t\t","protected":false},"excerpt":{"rendered":"<p>Informationen gem\u00e4\u00df Artikel 13 Absatz 1 und Absatz 2 DSGVO aufgrund der Erhebung von personenbezogenen Daten Im Zusammenhang mit der verbindlichen Anmeldung zur Veranstaltung am 13.03.25 (Cyber-Sicherheitskonferenz, Festakt und\/oder abendlichen Festveranstaltung) werden bei Ihnen personenbezogenen Daten erhoben. Bitte beachten Sie hierzu nachstehende Datenschutzhinweise: Angaben zum Verantwortlichen Verantwortlich f\u00fcr die Datenerhebung ist: Prof. Dr. Norbert PohlmannInstitut<a href=\"https:\/\/jubil\u00e4um.internet-sicherheit.de\/?page_id=226\" class=\"readmore\">Read More&#8230;<\/a><\/p>\n","protected":false},"author":1,"featured_media":0,"parent":0,"menu_order":0,"comment_status":"closed","ping_status":"closed","template":"","meta":{"_eb_attr":"","footnotes":""},"class_list":["post-226","page","type-page","status-publish","hentry"],"yoast_head":"<!-- This site is optimized with the Yoast SEO plugin v24.6 - https:\/\/yoast.com\/wordpress\/plugins\/seo\/ -->\n<title>Datenschutzerkl\u00e4rung -<\/title>\n<meta name=\"robots\" content=\"index, follow, max-snippet:-1, max-image-preview:large, max-video-preview:-1\" \/>\n<link rel=\"canonical\" href=\"https:\/\/jubil\u00e4um.internet-sicherheit.de\/?page_id=226\" \/>\n<meta property=\"og:locale\" content=\"en_US\" \/>\n<meta property=\"og:type\" content=\"article\" \/>\n<meta property=\"og:title\" content=\"Datenschutzerkl\u00e4rung -\" \/>\n<meta property=\"og:description\" content=\"Informationen gem\u00e4\u00df Artikel 13 Absatz 1 und Absatz 2 DSGVO aufgrund der Erhebung von personenbezogenen Daten Im Zusammenhang mit der verbindlichen Anmeldung zur Veranstaltung am 13.03.25 (Cyber-Sicherheitskonferenz, Festakt und\/oder abendlichen Festveranstaltung) werden bei Ihnen personenbezogenen Daten erhoben. Bitte beachten Sie hierzu nachstehende Datenschutzhinweise: Angaben zum Verantwortlichen Verantwortlich f\u00fcr die Datenerhebung ist: Prof. Dr. Norbert PohlmannInstitutRead More...\" \/>\n<meta property=\"og:url\" content=\"https:\/\/jubil\u00e4um.internet-sicherheit.de\/?page_id=226\" \/>\n<meta property=\"article:modified_time\" content=\"2025-02-18T07:21:53+00:00\" \/>\n<meta name=\"twitter:card\" content=\"summary_large_image\" \/>\n<meta name=\"twitter:label1\" content=\"Est. reading time\" \/>\n\t<meta name=\"twitter:data1\" content=\"7 minutes\" \/>\n<script type=\"application\/ld+json\" class=\"yoast-schema-graph\">{\"@context\":\"https:\/\/schema.org\",\"@graph\":[{\"@type\":\"WebPage\",\"@id\":\"https:\/\/jubil\u00e4um.internet-sicherheit.de\/?page_id=226\",\"url\":\"https:\/\/jubil\u00e4um.internet-sicherheit.de\/?page_id=226\",\"name\":\"Datenschutzerkl\u00e4rung -\",\"isPartOf\":{\"@id\":\"https:\/\/jubil\u00e4um.internet-sicherheit.de\/#website\"},\"datePublished\":\"2020-01-13T11:27:35+00:00\",\"dateModified\":\"2025-02-18T07:21:53+00:00\",\"breadcrumb\":{\"@id\":\"https:\/\/jubil\u00e4um.internet-sicherheit.de\/?page_id=226#breadcrumb\"},\"inLanguage\":\"en-US\",\"potentialAction\":[{\"@type\":\"ReadAction\",\"target\":[\"https:\/\/jubil\u00e4um.internet-sicherheit.de\/?page_id=226\"]}]},{\"@type\":\"BreadcrumbList\",\"@id\":\"https:\/\/jubil\u00e4um.internet-sicherheit.de\/?page_id=226#breadcrumb\",\"itemListElement\":[{\"@type\":\"ListItem\",\"position\":1,\"name\":\"Home\",\"item\":\"https:\/\/jubil\u00e4um.internet-sicherheit.de\/\"},{\"@type\":\"ListItem\",\"position\":2,\"name\":\"Datenschutzerkl\u00e4rung\"}]},{\"@type\":\"WebSite\",\"@id\":\"https:\/\/jubil\u00e4um.internet-sicherheit.de\/#website\",\"url\":\"https:\/\/jubil\u00e4um.internet-sicherheit.de\/\",\"name\":\"\",\"description\":\"\",\"potentialAction\":[{\"@type\":\"SearchAction\",\"target\":{\"@type\":\"EntryPoint\",\"urlTemplate\":\"https:\/\/jubil\u00e4um.internet-sicherheit.de\/?s={search_term_string}\"},\"query-input\":{\"@type\":\"PropertyValueSpecification\",\"valueRequired\":true,\"valueName\":\"search_term_string\"}}],\"inLanguage\":\"en-US\"}]}<\/script>\n<!-- \/ Yoast SEO plugin. -->","yoast_head_json":{"title":"Datenschutzerkl\u00e4rung -","robots":{"index":"index","follow":"follow","max-snippet":"max-snippet:-1","max-image-preview":"max-image-preview:large","max-video-preview":"max-video-preview:-1"},"canonical":"https:\/\/jubil\u00e4um.internet-sicherheit.de\/?page_id=226","og_locale":"en_US","og_type":"article","og_title":"Datenschutzerkl\u00e4rung -","og_description":"Informationen gem\u00e4\u00df Artikel 13 Absatz 1 und Absatz 2 DSGVO aufgrund der Erhebung von personenbezogenen Daten Im Zusammenhang mit der verbindlichen Anmeldung zur Veranstaltung am 13.03.25 (Cyber-Sicherheitskonferenz, Festakt und\/oder abendlichen Festveranstaltung) werden bei Ihnen personenbezogenen Daten erhoben. Bitte beachten Sie hierzu nachstehende Datenschutzhinweise: Angaben zum Verantwortlichen Verantwortlich f\u00fcr die Datenerhebung ist: Prof. Dr. Norbert PohlmannInstitutRead More...","og_url":"https:\/\/jubil\u00e4um.internet-sicherheit.de\/?page_id=226","article_modified_time":"2025-02-18T07:21:53+00:00","twitter_card":"summary_large_image","twitter_misc":{"Est. reading time":"7 minutes"},"schema":{"@context":"https:\/\/schema.org","@graph":[{"@type":"WebPage","@id":"https:\/\/jubil\u00e4um.internet-sicherheit.de\/?page_id=226","url":"https:\/\/jubil\u00e4um.internet-sicherheit.de\/?page_id=226","name":"Datenschutzerkl\u00e4rung -","isPartOf":{"@id":"https:\/\/jubil\u00e4um.internet-sicherheit.de\/#website"},"datePublished":"2020-01-13T11:27:35+00:00","dateModified":"2025-02-18T07:21:53+00:00","breadcrumb":{"@id":"https:\/\/jubil\u00e4um.internet-sicherheit.de\/?page_id=226#breadcrumb"},"inLanguage":"en-US","potentialAction":[{"@type":"ReadAction","target":["https:\/\/jubil\u00e4um.internet-sicherheit.de\/?page_id=226"]}]},{"@type":"BreadcrumbList","@id":"https:\/\/jubil\u00e4um.internet-sicherheit.de\/?page_id=226#breadcrumb","itemListElement":[{"@type":"ListItem","position":1,"name":"Home","item":"https:\/\/jubil\u00e4um.internet-sicherheit.de\/"},{"@type":"ListItem","position":2,"name":"Datenschutzerkl\u00e4rung"}]},{"@type":"WebSite","@id":"https:\/\/jubil\u00e4um.internet-sicherheit.de\/#website","url":"https:\/\/jubil\u00e4um.internet-sicherheit.de\/","name":"","description":"","potentialAction":[{"@type":"SearchAction","target":{"@type":"EntryPoint","urlTemplate":"https:\/\/jubil\u00e4um.internet-sicherheit.de\/?s={search_term_string}"},"query-input":{"@type":"PropertyValueSpecification","valueRequired":true,"valueName":"search_term_string"}}],"inLanguage":"en-US"}]}},"_links":{"self":[{"href":"https:\/\/jubil\u00e4um.internet-sicherheit.de\/index.php?rest_route=\/wp\/v2\/pages\/226","targetHints":{"allow":["GET"]}}],"collection":[{"href":"https:\/\/jubil\u00e4um.internet-sicherheit.de\/index.php?rest_route=\/wp\/v2\/pages"}],"about":[{"href":"https:\/\/jubil\u00e4um.internet-sicherheit.de\/index.php?rest_route=\/wp\/v2\/types\/page"}],"author":[{"embeddable":true,"href":"https:\/\/jubil\u00e4um.internet-sicherheit.de\/index.php?rest_route=\/wp\/v2\/users\/1"}],"replies":[{"embeddable":true,"href":"https:\/\/jubil\u00e4um.internet-sicherheit.de\/index.php?rest_route=%2Fwp%2Fv2%2Fcomments&post=226"}],"version-history":[{"count":26,"href":"https:\/\/jubil\u00e4um.internet-sicherheit.de\/index.php?rest_route=\/wp\/v2\/pages\/226\/revisions"}],"predecessor-version":[{"id":2146,"href":"https:\/\/jubil\u00e4um.internet-sicherheit.de\/index.php?rest_route=\/wp\/v2\/pages\/226\/revisions\/2146"}],"wp:attachment":[{"href":"https:\/\/jubil\u00e4um.internet-sicherheit.de\/index.php?rest_route=%2Fwp%2Fv2%2Fmedia&parent=226"}],"curies":[{"name":"wp","href":"https:\/\/api.w.org\/{rel}","templated":true}]}}